{"id":7465,"date":"2018-06-19T08:24:00","date_gmt":"2018-06-19T08:24:00","guid":{"rendered":"http:\/\/coolmaster.de\/zubehoer\/"},"modified":"2024-06-11T11:11:56","modified_gmt":"2024-06-11T09:11:56","slug":"accessories-coolmaster","status":"publish","type":"page","link":"https:\/\/coolmaster.de\/en\/accessories-coolmaster\/","title":{"rendered":"Accessories COOLMASTER\u00ae"},"content":{"rendered":"<section class=\"l-section wpb_row height_auto width_full color_primary\"><div class=\"l-section-h i-cf\"><div class=\"g-cols vc_row via_flex valign_top type_default stacking_default\"><div class=\"vc_col-sm-12 wpb_column vc_column_container\"><div class=\"vc_column-inner\"><div class=\"wpb_wrapper\"><div class=\"w-image align_center\"><div class=\"w-image-h\"><img decoding=\"async\" width=\"1920\" height=\"500\" src=\"https:\/\/coolmaster.de\/wp-content\/uploads\/2019\/10\/Zubhoer_TR_Boxen_banner.jpg\" class=\"attachment-full size-full\" alt=\"Trockeneisboxen Coolmaster\" loading=\"lazy\" srcset=\"https:\/\/coolmaster.de\/wp-content\/uploads\/2019\/10\/Zubhoer_TR_Boxen_banner.jpg 1920w, https:\/\/coolmaster.de\/wp-content\/uploads\/2019\/10\/Zubhoer_TR_Boxen_banner-300x78.jpg 300w, https:\/\/coolmaster.de\/wp-content\/uploads\/2019\/10\/Zubhoer_TR_Boxen_banner-1024x267.jpg 1024w, https:\/\/coolmaster.de\/wp-content\/uploads\/2019\/10\/Zubhoer_TR_Boxen_banner-600x156.jpg 600w, https:\/\/coolmaster.de\/wp-content\/uploads\/2019\/10\/Zubhoer_TR_Boxen_banner-100x26.jpg 100w\" sizes=\"auto, (max-width: 1920px) 100vw, 1920px\" title=\"\"><\/div><\/div><\/div><\/div><\/div><\/div><\/div><\/section><section class=\"l-section wpb_row height_auto width_full color_primary type_sticky\"><div class=\"l-section-h i-cf\"><div class=\"g-cols vc_row via_flex valign_top type_default stacking_default\"><div class=\"vc_col-sm-12 wpb_column vc_column_container\"><div class=\"vc_column-inner\"><div class=\"wpb_wrapper\"><nav class=\"w-menu layout_hor style_blocks not_responsive align_center us_menu_1\" style=\"--main-ver-indent:0.8em;--main-hor-indent:0.8em;--main-color:rgba(255,255,255,0.66);--main-hover-color:#fff;--main-active-color:#fff;\"><ul id=\"menu-accessories\" class=\"menu\"><li id=\"menu-item-7474\" class=\"menu-item menu-item-type-custom menu-item-object-custom menu-item-7474\"><a href=\"#nozzles\">Nozzles<\/a><\/li><li id=\"menu-item-7473\" class=\"menu-item menu-item-type-custom menu-item-object-custom menu-item-7473\"><a href=\"#nozzlecases\">Nozzle cases<\/a><\/li><li id=\"menu-item-7472\" class=\"menu-item menu-item-type-custom menu-item-object-custom menu-item-7472\"><a href=\"#hosepackages\">Hose packages<\/a><\/li><li id=\"menu-item-7470\" class=\"menu-item menu-item-type-custom menu-item-object-custom menu-item-7470\"><a href=\"#dryiceboxes\">Dry ice boxes<\/a><\/li><li id=\"menu-item-7471\" class=\"menu-item menu-item-type-custom menu-item-object-custom menu-item-7471\"><a href=\"#moreaccessories\">More Accessories<\/a><\/li><\/ul><\/nav><\/div><\/div><\/div><\/div><\/div><\/section><section class=\"l-section wpb_row height_medium color_alternate\" id=\"accessories\"><div class=\"l-section-h i-cf\"><div class=\"g-cols vc_row via_flex valign_top type_default stacking_default\"><div class=\"vc_col-sm-12 wpb_column vc_column_container\"><div class=\"vc_column-inner\"><div class=\"wpb_wrapper\"><div class=\"g-cols wpb_row via_flex valign_top type_default stacking_default\"><div class=\"vc_col-sm-1\/5 wpb_column vc_column_container\"><div class=\"vc_column-inner\"><div class=\"wpb_wrapper\"><\/div><\/div><\/div><div class=\"vc_col-sm-3\/5 wpb_column vc_column_container\"><div class=\"vc_column-inner\"><div class=\"wpb_wrapper\"><div class=\"wpb_text_column us_custom_492179a4\"><div class=\"wpb_wrapper\"><h1><strong>Optional accessories for the COOLMASTER<sup>\u00ae<\/sup><\/strong><\/h1>\n<\/div><\/div><div class=\"w-separator size_medium\"><\/div><div class=\"wpb_text_column\"><div class=\"wpb_wrapper\"><h5>Our COOLMASTER\u00ae dry ice blasting unit comes with all you need for a perfect start and daily operation.<br \/>\nWe offer additional accessories for challenging cleaning projects, so you always remain flexible:<\/h5>\n<ul>\n<li>Various nozzles<\/li>\n<li>Nozzle case variations<\/li>\n<li>Hose packages<\/li>\n<li>Dry ice boxes<\/li>\n<li>and other useful accessories<\/li>\n<li>Spare parts<\/li>\n<li>Software package for automation solutions and much more&#8230;<\/li>\n<\/ul>\n<p>If you need help in choosing the right accessories or have questions about compressed air systems, pelletizers for dry ice production and automation &#8211; we will be happy to support you.<\/p>\n<\/div><\/div><\/div><\/div><\/div><div class=\"vc_col-sm-1\/5 wpb_column vc_column_container\"><div class=\"vc_column-inner\"><div class=\"wpb_wrapper\"><\/div><\/div><\/div><\/div><\/div><\/div><\/div><\/div><\/div><\/section><section class=\"l-section wpb_row height_auto width_full\" id=\"nozzles\"><div class=\"l-section-h i-cf\"><div class=\"g-cols vc_row via_flex valign_middle type_boxes stacking_default\"><div class=\"vc_col-sm-6 wpb_column vc_column_container\"><div class=\"vc_column-inner\"><div class=\"wpb_wrapper\"><div class=\"w-image align_right us_animate_afl\"><div class=\"w-image-h\"><img decoding=\"async\" width=\"600\" height=\"396\" src=\"https:\/\/coolmaster.de\/wp-content\/uploads\/2019\/07\/auswahl_duesenuebersicht-600x396.png\" class=\"attachment-us_600_400 size-us_600_400\" alt=\"\" loading=\"lazy\" srcset=\"https:\/\/coolmaster.de\/wp-content\/uploads\/2019\/07\/auswahl_duesenuebersicht-600x396.png 600w, https:\/\/coolmaster.de\/wp-content\/uploads\/2019\/07\/auswahl_duesenuebersicht-300x198.png 300w, https:\/\/coolmaster.de\/wp-content\/uploads\/2019\/07\/auswahl_duesenuebersicht.png 884w, https:\/\/coolmaster.de\/wp-content\/uploads\/2019\/07\/auswahl_duesenuebersicht-91x60.png 91w\" sizes=\"auto, (max-width: 600px) 100vw, 600px\" title=\"\"><\/div><\/div><\/div><\/div><\/div><div class=\"vc_col-sm-6 wpb_column vc_column_container\"><div class=\"vc_column-inner\"><div class=\"wpb_wrapper\"><div class=\"wpb_text_column us_custom_492179a4\"><div class=\"wpb_wrapper\"><h3><strong>Nozzles for every demand<\/strong><\/h3>\n<\/div><\/div><div class=\"w-separator size_small\"><\/div><div class=\"wpb_text_column\"><div class=\"wpb_wrapper\"><p>All our nozzles are made of metal, which makes them particularly high-quality and durable. We have different shapes in our range for different requirements. The wide nozzles are ideal for cleaning large surfaces, while the small curved nozzles are perfect for hard-to-reach areas. Thanks to the practical pipe extensions, even hard-to-reach areas can be easily blasted with dry ice. Simply screw the extension to the blasting gun and then attach the nozzle.<\/p>\n<ul>\n<li>Fine jet nozzles (in two different lengths, straight and angled)<\/li>\n<li>Flat jet nozzles (in various widths, straight and angled)<\/li>\n<li>Round nozzles (in various diameters)<\/li>\n<li>Flex nozzles (flexibly bendable)<\/li>\n<li>Pipe extensions (extensions from 10 cm up to 1 m, straight and curved)<\/li>\n<li>Adapters<\/li>\n<\/ul>\n<\/div><\/div><\/div><\/div><\/div><\/div><\/div><\/section><section class=\"l-section wpb_row height_auto width_full color_alternate\" id=\"nozzlecases\"><div class=\"l-section-h i-cf\"><div class=\"g-cols vc_row via_flex valign_middle type_boxes stacking_default\"><div class=\"vc_col-sm-6 wpb_column vc_column_container\"><div class=\"vc_column-inner\"><div class=\"wpb_wrapper\"><div class=\"wpb_text_column us_custom_492179a4\"><div class=\"wpb_wrapper\"><h3 style=\"text-align: right;\"><strong>Nozzle cases in several variations<\/strong><\/h3>\n<\/div><\/div><div class=\"w-separator size_small\"><\/div><div class=\"wpb_text_column\"><div class=\"wpb_wrapper\"><p style=\"text-align: right;\">There are five different versions to choose from, each with different equipment. From fully equipped to partially equipped, there is something for every need.<\/p>\n<p style=\"text-align: right;\">It is particularly practical that all cases are equipped with identical storage shelves, which provide space for the various nozzles and pipe extensions. In this way, you can buy additional nozzles later and store them safely in the case.<\/p>\n<p style=\"text-align: right;\">Of course, we also offer the nozzle case as an unequipped version so that you can assemble your equipment according to your needs.<\/p>\n<\/div><\/div><\/div><\/div><\/div><div class=\"vc_col-sm-6 wpb_column vc_column_container has_bg_color\"><div class=\"vc_column-inner us_custom_8ef6a79e\"><div class=\"wpb_wrapper\"><div class=\"w-separator size_custom\" style=\"height:500px\"><\/div><\/div><\/div><\/div><\/div><\/div><\/section><section class=\"l-section wpb_row height_auto width_full\" id=\"hosepackages\"><div class=\"l-section-h i-cf\"><div class=\"g-cols vc_row via_flex valign_middle type_boxes stacking_default\"><div class=\"vc_col-sm-6 wpb_column vc_column_container\"><div class=\"vc_column-inner\"><div class=\"wpb_wrapper\"><div class=\"w-image align_right us_animate_afl\"><div class=\"w-image-h\"><img decoding=\"async\" width=\"600\" height=\"396\" src=\"https:\/\/coolmaster.de\/wp-content\/uploads\/2019\/07\/schlauchpakete-2-600x396.png\" class=\"attachment-us_600_400 size-us_600_400\" alt=\"\" loading=\"lazy\" srcset=\"https:\/\/coolmaster.de\/wp-content\/uploads\/2019\/07\/schlauchpakete-2-600x396.png 600w, https:\/\/coolmaster.de\/wp-content\/uploads\/2019\/07\/schlauchpakete-2-300x198.png 300w, https:\/\/coolmaster.de\/wp-content\/uploads\/2019\/07\/schlauchpakete-2.png 884w, https:\/\/coolmaster.de\/wp-content\/uploads\/2019\/07\/schlauchpakete-2-91x60.png 91w\" sizes=\"auto, (max-width: 600px) 100vw, 600px\" title=\"\"><\/div><\/div><\/div><\/div><\/div><div class=\"vc_col-sm-6 wpb_column vc_column_container\"><div class=\"vc_column-inner\"><div class=\"wpb_wrapper\"><div class=\"wpb_text_column us_custom_492179a4\"><div class=\"wpb_wrapper\"><h3><strong>Hose packages<\/strong><\/h3>\n<\/div><\/div><div class=\"w-separator size_small\"><\/div><div class=\"wpb_text_column\"><div class=\"wpb_wrapper\"><p>Hose packages for the COOLMASTER\u00ae<\/p>\n<ul>\n<li>Hose with blasting gun (3m and 6m)<\/li>\n<li>Hose extension (3m and 6m)<\/li>\n<li>Compressed air hoses (in various lengths)<\/li>\n<\/ul>\n<p>Of course, you can also obtain hose packages from us to match our BLOWMATIC extraction system and our ROBOTIC automation:<\/p>\n<ul>\n<li>Blasting hose<\/li>\n<li>Quick coupling set<\/li>\n<li>Cable set<\/li>\n<\/ul>\n<\/div><\/div><\/div><\/div><\/div><\/div><\/div><\/section><section class=\"l-section wpb_row height_auto width_full color_alternate\" id=\"dryiceboxes\"><div class=\"l-section-h i-cf\"><div class=\"g-cols vc_row via_flex valign_middle type_boxes stacking_default\"><div class=\"vc_col-sm-6 wpb_column vc_column_container\"><div class=\"vc_column-inner\"><div class=\"wpb_wrapper\"><div class=\"wpb_text_column us_custom_492179a4\"><div class=\"wpb_wrapper\"><h3 style=\"text-align: right;\"><strong>Dry ice box<\/strong><\/h3>\n<\/div><\/div><div class=\"w-separator size_small\"><\/div><div class=\"wpb_text_column\"><div class=\"wpb_wrapper\"><p style=\"text-align: right;\">Our dry ice box with extra thick insulation keeps the dry ice fresh for longer and enables safe transportation. Filling weight 30kg dry ice pellets.<\/p>\n<\/div><\/div><\/div><\/div><\/div><div class=\"vc_col-sm-6 wpb_column vc_column_container has_bg_color\"><div class=\"vc_column-inner us_custom_8e31b48c\"><div class=\"wpb_wrapper\"><div class=\"w-separator size_custom\" style=\"height:320px\"><\/div><\/div><\/div><\/div><\/div><\/div><\/section><section class=\"l-section wpb_row height_auto width_full\" id=\"moreaccessories\"><div class=\"l-section-h i-cf\"><div class=\"g-cols vc_row via_flex valign_middle type_boxes stacking_default\"><div class=\"vc_col-sm-6 wpb_column vc_column_container\"><div class=\"vc_column-inner\"><div class=\"wpb_wrapper\"><div class=\"w-image align_right us_animate_afl\"><div class=\"w-image-h\"><img decoding=\"async\" width=\"600\" height=\"396\" src=\"https:\/\/coolmaster.de\/wp-content\/uploads\/2019\/07\/weiteres_zubehoer-1-600x396.png\" class=\"attachment-us_600_400 size-us_600_400\" alt=\"Zubeh\u00f6r Trockeneisschaufel Erdungskabel Schutzausr\u00fcstung zum Trockeneisstgrahlger\u00e4t COOLMASTER\" loading=\"lazy\" srcset=\"https:\/\/coolmaster.de\/wp-content\/uploads\/2019\/07\/weiteres_zubehoer-1-600x396.png 600w, https:\/\/coolmaster.de\/wp-content\/uploads\/2019\/07\/weiteres_zubehoer-1-300x198.png 300w, https:\/\/coolmaster.de\/wp-content\/uploads\/2019\/07\/weiteres_zubehoer-1.png 884w, https:\/\/coolmaster.de\/wp-content\/uploads\/2019\/07\/weiteres_zubehoer-1-91x60.png 91w\" sizes=\"auto, (max-width: 600px) 100vw, 600px\" title=\"\"><\/div><\/div><\/div><\/div><\/div><div class=\"vc_col-sm-6 wpb_column vc_column_container\"><div class=\"vc_column-inner\"><div class=\"wpb_wrapper\"><div class=\"wpb_text_column us_custom_492179a4\"><div class=\"wpb_wrapper\"><h3><strong>and many more useful accessories:<\/strong><\/h3>\n<\/div><\/div><div class=\"w-separator size_small\"><\/div><div class=\"wpb_text_column\"><div class=\"wpb_wrapper\"><ul>\n<li>Dry ice shovel in two sizes<\/li>\n<li>Work safety package<\/li>\n<li>Grounding cable<\/li>\n<li>pressure regulator<\/li>\n<li>Hose spanner<\/li>\n<li>Spare parts<\/li>\n<\/ul>\n<\/div><\/div><\/div><\/div><\/div><\/div><\/div><\/section>\n","protected":false},"excerpt":{"rendered":"NozzlesNozzle casesHose packagesDry ice boxesMore AccessoriesOptional accessories for the COOLMASTER\u00ae Our COOLMASTER\u00ae dry ice blasting unit comes with all you need for a perfect start and daily operation. We offer additional accessories for challenging cleaning projects, so you always remain flexible: Various nozzles Nozzle case variations Hose packages Dry ice boxes and other useful accessories...","protected":false},"author":2,"featured_media":0,"parent":0,"menu_order":2,"comment_status":"closed","ping_status":"closed","template":"","meta":{"footnotes":""},"class_list":["post-7465","page","type-page","status-publish","hentry"],"_links":{"self":[{"href":"https:\/\/coolmaster.de\/en\/wp-json\/wp\/v2\/pages\/7465","targetHints":{"allow":["GET"]}}],"collection":[{"href":"https:\/\/coolmaster.de\/en\/wp-json\/wp\/v2\/pages"}],"about":[{"href":"https:\/\/coolmaster.de\/en\/wp-json\/wp\/v2\/types\/page"}],"author":[{"embeddable":true,"href":"https:\/\/coolmaster.de\/en\/wp-json\/wp\/v2\/users\/2"}],"replies":[{"embeddable":true,"href":"https:\/\/coolmaster.de\/en\/wp-json\/wp\/v2\/comments?post=7465"}],"version-history":[{"count":0,"href":"https:\/\/coolmaster.de\/en\/wp-json\/wp\/v2\/pages\/7465\/revisions"}],"wp:attachment":[{"href":"https:\/\/coolmaster.de\/en\/wp-json\/wp\/v2\/media?parent=7465"}],"curies":[{"name":"wp","href":"https:\/\/api.w.org\/{rel}","templated":true}]}}